{"id":1688,"date":"2025-01-06T14:46:52","date_gmt":"2025-01-06T14:46:52","guid":{"rendered":"https:\/\/swahiliexpress.eu\/cs\/?post_type=product&#038;p=1688"},"modified":"2025-03-26T12:39:01","modified_gmt":"2025-03-26T12:39:01","slug":"plast","status":"publish","type":"product","link":"https:\/\/swahiliexpress.eu\/cs\/product\/plast\/","title":{"rendered":"D\u00e1msk\u00fd pl\u00e1\u0161\u0165"},"content":{"rendered":"<p>Pl\u00e1\u0161t\u011b vyr\u00e1b\u00edme podle va\u0161\u00ed objedn\u00e1vky z\u00a0kitenge, 100 % bavlny s\u00a0africk\u00fdm potiskem. L\u00e1tky s\u00a0ka\u017ed\u00fdm vzorem m\u00e1me jen p\u00e1r kus\u016f. Ka\u017ed\u00fd pl\u00e1\u0161\u0165 je origin\u00e1l.<\/p>\n<p>\u0160ijeme v rodinn\u00fdch krej\u010dovstv\u00edch v Tanzanii, na pob\u0159e\u017e\u00ed v\u00fdchodn\u00ed Afriky.<\/p>\n<p>Objednejte si kus africk\u00e9 radosti a pozitivn\u00ed energie do sv\u00e9ho \u0161atn\u00edku a rozjasn\u011bte \u017eiv\u00fdmi barvami dny sob\u011b i v\u0161em, kdo v\u00e1s v\u00a0na\u0161em pl\u00e1\u0161ti potkaj\u00ed!<\/p>\n","protected":false},"excerpt":{"rendered":"<p>Pestrobarevn\u00e9 pl\u00e1\u0161t\u011b maj\u00ed voln\u00fd st\u0159ih, kter\u00fd padne na ka\u017edou postavu. Jejich jednoduch\u00fd design umo\u017e\u0148uje no\u0161en\u00ed ke spole\u010densk\u00fdm p\u0159\u00edle\u017eitostem i ve voln\u00e9m \u010dase.<\/p>\n","protected":false},"featured_media":1652,"comment_status":"open","ping_status":"closed","template":"","meta":{"_uag_custom_page_level_css":"","site-sidebar-layout":"default","site-content-layout":"","ast-site-content-layout":"default","site-content-style":"default","site-sidebar-style":"default","ast-global-header-display":"","ast-banner-title-visibility":"","ast-main-header-display":"","ast-hfb-above-header-display":"","ast-hfb-below-header-display":"","ast-hfb-mobile-header-display":"","site-post-title":"","ast-breadcrumbs-content":"","ast-featured-img":"","footer-sml-layout":"","ast-disable-related-posts":"","theme-transparent-header-meta":"default","adv-header-id-meta":"","stick-header-meta":"","header-above-stick-meta":"","header-main-stick-meta":"","header-below-stick-meta":"","astra-migrate-meta-layouts":"set","ast-page-background-enabled":"default","ast-page-background-meta":{"desktop":{"background-color":"var(--ast-global-color-4)","background-image":"","background-repeat":"repeat","background-position":"center center","background-size":"auto","background-attachment":"scroll","background-type":"","background-media":"","overlay-type":"","overlay-color":"","overlay-opacity":"","overlay-gradient":""},"tablet":{"background-color":"","background-image":"","background-repeat":"repeat","background-position":"center center","background-size":"auto","background-attachment":"scroll","background-type":"","background-media":"","overlay-type":"","overlay-color":"","overlay-opacity":"","overlay-gradient":""},"mobile":{"background-color":"","background-image":"","background-repeat":"repeat","background-position":"center center","background-size":"auto","background-attachment":"scroll","background-type":"","background-media":"","overlay-type":"","overlay-color":"","overlay-opacity":"","overlay-gradient":""}},"ast-content-background-meta":{"desktop":{"background-color":"var(--ast-global-color-5)","background-image":"","background-repeat":"repeat","background-position":"center center","background-size":"auto","background-attachment":"scroll","background-type":"","background-media":"","overlay-type":"","overlay-color":"","overlay-opacity":"","overlay-gradient":""},"tablet":{"background-color":"var(--ast-global-color-5)","background-image":"","background-repeat":"repeat","background-position":"center center","background-size":"auto","background-attachment":"scroll","background-type":"","background-media":"","overlay-type":"","overlay-color":"","overlay-opacity":"","overlay-gradient":""},"mobile":{"background-color":"var(--ast-global-color-5)","background-image":"","background-repeat":"repeat","background-position":"center center","background-size":"auto","background-attachment":"scroll","background-type":"","background-media":"","overlay-type":"","overlay-color":"","overlay-opacity":"","overlay-gradient":""}},"iawp_total_views":10},"product_brand":[],"product_cat":[45],"product_tag":[],"class_list":{"0":"post-1688","1":"product","2":"type-product","3":"status-publish","4":"has-post-thumbnail","6":"product_cat-damska-moda","7":"desktop-align-left","8":"tablet-align-left","9":"mobile-align-left","11":"first","12":"onbackorder","13":"shipping-taxable","14":"purchasable","15":"product-type-simple"},"uagb_featured_image_src":{"full":["https:\/\/swahiliexpress.eu\/cs\/wp-content\/uploads\/sites\/5\/2025\/01\/IMG_8429.webp",1000,1400,false],"thumbnail":["https:\/\/swahiliexpress.eu\/cs\/wp-content\/uploads\/sites\/5\/2025\/01\/IMG_8429-150x150.webp",150,150,true],"medium":["https:\/\/swahiliexpress.eu\/cs\/wp-content\/uploads\/sites\/5\/2025\/01\/IMG_8429-214x300.webp",214,300,true],"medium_large":["https:\/\/swahiliexpress.eu\/cs\/wp-content\/uploads\/sites\/5\/2025\/01\/IMG_8429-768x1075.webp",768,1075,true],"large":["https:\/\/swahiliexpress.eu\/cs\/wp-content\/uploads\/sites\/5\/2025\/01\/IMG_8429-731x1024.webp",731,1024,true],"1536x1536":["https:\/\/swahiliexpress.eu\/cs\/wp-content\/uploads\/sites\/5\/2025\/01\/IMG_8429.webp",1000,1400,false],"2048x2048":["https:\/\/swahiliexpress.eu\/cs\/wp-content\/uploads\/sites\/5\/2025\/01\/IMG_8429.webp",1000,1400,false],"woocommerce_thumbnail":["https:\/\/swahiliexpress.eu\/cs\/wp-content\/uploads\/sites\/5\/2025\/01\/IMG_8429-300x300.webp",300,300,true],"woocommerce_single":["https:\/\/swahiliexpress.eu\/cs\/wp-content\/uploads\/sites\/5\/2025\/01\/IMG_8429-600x840.webp",600,840,true],"woocommerce_gallery_thumbnail":["https:\/\/swahiliexpress.eu\/cs\/wp-content\/uploads\/sites\/5\/2025\/01\/IMG_8429-100x100.webp",100,100,true]},"uagb_author_info":{"display_name":"missconk@gmail.com","author_link":"https:\/\/swahiliexpress.eu\/cs\/author\/"},"uagb_comment_info":0,"uagb_excerpt":"Pestrobarevn\u00e9 pl\u00e1\u0161t\u011b maj\u00ed voln\u00fd st\u0159ih, kter\u00fd padne na ka\u017edou postavu. Jejich jednoduch\u00fd design umo\u017e\u0148uje no\u0161en\u00ed ke spole\u010densk\u00fdm p\u0159\u00edle\u017eitostem i ve voln\u00e9m \u010dase.","_links":{"self":[{"href":"https:\/\/swahiliexpress.eu\/cs\/wp-json\/wp\/v2\/product\/1688","targetHints":{"allow":["GET"]}}],"collection":[{"href":"https:\/\/swahiliexpress.eu\/cs\/wp-json\/wp\/v2\/product"}],"about":[{"href":"https:\/\/swahiliexpress.eu\/cs\/wp-json\/wp\/v2\/types\/product"}],"replies":[{"embeddable":true,"href":"https:\/\/swahiliexpress.eu\/cs\/wp-json\/wp\/v2\/comments?post=1688"}],"wp:featuredmedia":[{"embeddable":true,"href":"https:\/\/swahiliexpress.eu\/cs\/wp-json\/wp\/v2\/media\/1652"}],"wp:attachment":[{"href":"https:\/\/swahiliexpress.eu\/cs\/wp-json\/wp\/v2\/media?parent=1688"}],"wp:term":[{"taxonomy":"product_brand","embeddable":true,"href":"https:\/\/swahiliexpress.eu\/cs\/wp-json\/wp\/v2\/product_brand?post=1688"},{"taxonomy":"product_cat","embeddable":true,"href":"https:\/\/swahiliexpress.eu\/cs\/wp-json\/wp\/v2\/product_cat?post=1688"},{"taxonomy":"product_tag","embeddable":true,"href":"https:\/\/swahiliexpress.eu\/cs\/wp-json\/wp\/v2\/product_tag?post=1688"}],"curies":[{"name":"wp","href":"https:\/\/api.w.org\/{rel}","templated":true}]}}