{"id":1591,"date":"2024-12-12T11:49:54","date_gmt":"2024-12-12T11:49:54","guid":{"rendered":"https:\/\/swahiliexpress.eu\/cs\/?post_type=product&#038;p=1591"},"modified":"2025-03-26T12:46:50","modified_gmt":"2025-03-26T12:46:50","slug":"kosile-s-dlouhym-rukavem","status":"publish","type":"product","link":"https:\/\/swahiliexpress.eu\/cs\/product\/kosile-s-dlouhym-rukavem\/","title":{"rendered":"Ko\u0161ile s dlouh\u00fdm ruk\u00e1vem"},"content":{"rendered":"<p>Pestr\u00e9 barevn\u00e9 ko\u0161ile s africk\u00fdm potiskem pro mu\u017ee. Spojte je s\u00a0kalhoty nebo \u0161ortkami ze stejn\u00e9ho materi\u00e1lu a z\u00edsk\u00e1te jedine\u010dn\u00fd outfit!<\/p>\n<p>Ko\u0161ile vyr\u00e1b\u00edme podle va\u0161\u00ed objedn\u00e1vky z\u00a0kitenge, 100 % bavlny s\u00a0africk\u00fdm potiskem, nebo z\u00a0ru\u010dn\u011b batikovan\u00e9 bavln\u011bn\u00e9 l\u00e1tky. L\u00e1tky s\u00a0ka\u017ed\u00fdm vzorem m\u00e1me jen p\u00e1r kus\u016f. Ka\u017ed\u00e1 ko\u0161ile je origin\u00e1l.<\/p>\n<p>\u0160ijeme v rodinn\u00fdch krej\u010dovstv\u00edch v Tanzanii, na pob\u0159e\u017e\u00ed v\u00fdchodn\u00ed Afriky.<\/p>\n<p>Objednejte si kus africk\u00e9 radosti a pozitivn\u00ed energie do sv\u00e9ho \u0161atn\u00edku a rozjasn\u011bte \u017eiv\u00fdmi barvami dny sob\u011b i v\u0161em, kdo v\u00e1s v\u00a0na\u0161\u00ed ko\u0161ili potkaj\u00ed!<\/p>\n","protected":false},"excerpt":{"rendered":"<p>Pestr\u00e9 barevn\u00e9 ko\u0161ile s africk\u00fdm potiskem pro mu\u017ee. Spojte je s kalhoty nebo \u0161ortkami ze stejn\u00e9ho materi\u00e1lu a z\u00edskejte jedine\u010dn\u00fd outfit s 20% slevou.<\/p>\n","protected":false},"featured_media":1495,"comment_status":"open","ping_status":"closed","template":"","meta":{"_uag_custom_page_level_css":"","site-sidebar-layout":"default","site-content-layout":"","ast-site-content-layout":"default","site-content-style":"default","site-sidebar-style":"default","ast-global-header-display":"","ast-banner-title-visibility":"","ast-main-header-display":"","ast-hfb-above-header-display":"","ast-hfb-below-header-display":"","ast-hfb-mobile-header-display":"","site-post-title":"","ast-breadcrumbs-content":"","ast-featured-img":"","footer-sml-layout":"","ast-disable-related-posts":"","theme-transparent-header-meta":"default","adv-header-id-meta":"","stick-header-meta":"","header-above-stick-meta":"","header-main-stick-meta":"","header-below-stick-meta":"","astra-migrate-meta-layouts":"set","ast-page-background-enabled":"default","ast-page-background-meta":{"desktop":{"background-color":"var(--ast-global-color-4)","background-image":"","background-repeat":"repeat","background-position":"center center","background-size":"auto","background-attachment":"scroll","background-type":"","background-media":"","overlay-type":"","overlay-color":"","overlay-opacity":"","overlay-gradient":""},"tablet":{"background-color":"","background-image":"","background-repeat":"repeat","background-position":"center center","background-size":"auto","background-attachment":"scroll","background-type":"","background-media":"","overlay-type":"","overlay-color":"","overlay-opacity":"","overlay-gradient":""},"mobile":{"background-color":"","background-image":"","background-repeat":"repeat","background-position":"center center","background-size":"auto","background-attachment":"scroll","background-type":"","background-media":"","overlay-type":"","overlay-color":"","overlay-opacity":"","overlay-gradient":""}},"ast-content-background-meta":{"desktop":{"background-color":"var(--ast-global-color-5)","background-image":"","background-repeat":"repeat","background-position":"center center","background-size":"auto","background-attachment":"scroll","background-type":"","background-media":"","overlay-type":"","overlay-color":"","overlay-opacity":"","overlay-gradient":""},"tablet":{"background-color":"var(--ast-global-color-5)","background-image":"","background-repeat":"repeat","background-position":"center center","background-size":"auto","background-attachment":"scroll","background-type":"","background-media":"","overlay-type":"","overlay-color":"","overlay-opacity":"","overlay-gradient":""},"mobile":{"background-color":"var(--ast-global-color-5)","background-image":"","background-repeat":"repeat","background-position":"center center","background-size":"auto","background-attachment":"scroll","background-type":"","background-media":"","overlay-type":"","overlay-color":"","overlay-opacity":"","overlay-gradient":""}},"iawp_total_views":4},"product_brand":[],"product_cat":[16,17],"product_tag":[],"class_list":{"0":"post-1591","1":"product","2":"type-product","3":"status-publish","4":"has-post-thumbnail","6":"product_cat-panska-moda","7":"product_cat-panske-kosile","8":"desktop-align-left","9":"tablet-align-left","10":"mobile-align-left","12":"first","13":"onbackorder","14":"shipping-taxable","15":"purchasable","16":"product-type-simple"},"uagb_featured_image_src":{"full":["https:\/\/swahiliexpress.eu\/cs\/wp-content\/uploads\/sites\/5\/2024\/12\/image00039.webp",1786,2500,false],"thumbnail":["https:\/\/swahiliexpress.eu\/cs\/wp-content\/uploads\/sites\/5\/2024\/12\/image00039-150x150.webp",150,150,true],"medium":["https:\/\/swahiliexpress.eu\/cs\/wp-content\/uploads\/sites\/5\/2024\/12\/image00039-214x300.webp",214,300,true],"medium_large":["https:\/\/swahiliexpress.eu\/cs\/wp-content\/uploads\/sites\/5\/2024\/12\/image00039-768x1075.webp",768,1075,true],"large":["https:\/\/swahiliexpress.eu\/cs\/wp-content\/uploads\/sites\/5\/2024\/12\/image00039-732x1024.webp",732,1024,true],"1536x1536":["https:\/\/swahiliexpress.eu\/cs\/wp-content\/uploads\/sites\/5\/2024\/12\/image00039-1097x1536.webp",1097,1536,true],"2048x2048":["https:\/\/swahiliexpress.eu\/cs\/wp-content\/uploads\/sites\/5\/2024\/12\/image00039-1463x2048.webp",1463,2048,true],"woocommerce_thumbnail":["https:\/\/swahiliexpress.eu\/cs\/wp-content\/uploads\/sites\/5\/2024\/12\/image00039-300x300.webp",300,300,true],"woocommerce_single":["https:\/\/swahiliexpress.eu\/cs\/wp-content\/uploads\/sites\/5\/2024\/12\/image00039-600x840.webp",600,840,true],"woocommerce_gallery_thumbnail":["https:\/\/swahiliexpress.eu\/cs\/wp-content\/uploads\/sites\/5\/2024\/12\/image00039-100x100.webp",100,100,true]},"uagb_author_info":{"display_name":"missconk@gmail.com","author_link":"https:\/\/swahiliexpress.eu\/cs\/author\/"},"uagb_comment_info":0,"uagb_excerpt":"Pestr\u00e9 barevn\u00e9 ko\u0161ile s africk\u00fdm potiskem pro mu\u017ee. Spojte je s kalhoty nebo \u0161ortkami ze stejn\u00e9ho materi\u00e1lu a z\u00edskejte jedine\u010dn\u00fd outfit s 20% slevou.","_links":{"self":[{"href":"https:\/\/swahiliexpress.eu\/cs\/wp-json\/wp\/v2\/product\/1591","targetHints":{"allow":["GET"]}}],"collection":[{"href":"https:\/\/swahiliexpress.eu\/cs\/wp-json\/wp\/v2\/product"}],"about":[{"href":"https:\/\/swahiliexpress.eu\/cs\/wp-json\/wp\/v2\/types\/product"}],"replies":[{"embeddable":true,"href":"https:\/\/swahiliexpress.eu\/cs\/wp-json\/wp\/v2\/comments?post=1591"}],"wp:featuredmedia":[{"embeddable":true,"href":"https:\/\/swahiliexpress.eu\/cs\/wp-json\/wp\/v2\/media\/1495"}],"wp:attachment":[{"href":"https:\/\/swahiliexpress.eu\/cs\/wp-json\/wp\/v2\/media?parent=1591"}],"wp:term":[{"taxonomy":"product_brand","embeddable":true,"href":"https:\/\/swahiliexpress.eu\/cs\/wp-json\/wp\/v2\/product_brand?post=1591"},{"taxonomy":"product_cat","embeddable":true,"href":"https:\/\/swahiliexpress.eu\/cs\/wp-json\/wp\/v2\/product_cat?post=1591"},{"taxonomy":"product_tag","embeddable":true,"href":"https:\/\/swahiliexpress.eu\/cs\/wp-json\/wp\/v2\/product_tag?post=1591"}],"curies":[{"name":"wp","href":"https:\/\/api.w.org\/{rel}","templated":true}]}}