{"id":329,"date":"2024-09-23T07:36:48","date_gmt":"2024-09-23T07:36:48","guid":{"rendered":"https:\/\/swahiliexpress.eu\/cs\/about\/"},"modified":"2025-10-02T09:02:25","modified_gmt":"2025-10-02T09:02:25","slug":"about","status":"publish","type":"page","link":"https:\/\/swahiliexpress.eu\/cs\/about\/","title":{"rendered":"About"},"content":{"rendered":"\n<div class=\"wp-block-uagb-container uagb-block-51e89b1a alignfull uagb-is-root-container\"><div class=\"uagb-container-inner-blocks-wrap\">\n<div class=\"wp-block-uagb-advanced-heading uagb-block-0a1971f0\"><h1 class=\"uagb-heading-text\">O n\u00e1s<\/h1><\/div>\n<\/div><\/div>\n\n\n\n<div class=\"wp-block-uagb-container uagb-block-e1c2ea49 alignfull uagb-is-root-container\"><div class=\"uagb-container-inner-blocks-wrap\">\n<div class=\"wp-block-uagb-info-box uagb-block-1bfbef46 uagb-infobox__content-wrap  uagb-infobox-icon-above-title uagb-infobox-image-valign-top\"><div class=\"uagb-ifb-content\"><div class=\"uagb-ifb-title-wrap\"><h6 class=\"uagb-ifb-title-prefix\">Z&nbsp;Afriky s&nbsp;l\u00e1skou<\/h6><h2 class=\"uagb-ifb-title\">Na pob\u0159e\u017e\u00ed v\u00fdchodn\u00ed Afriky pro v\u00e1s s&nbsp;m\u00edstn\u00edmi n\u00e1vrh\u00e1\u0159i a krej\u010d\u00edmi tvo\u0159\u00edme oble\u010den\u00ed s&nbsp;p\u0159\u00edb\u011bhem.<\/h2><\/div><\/div><\/div>\n\n\n\n<div class=\"wp-block-uagb-container uagb-layout-grid uagb-block-d1e277a5\">\n<div class=\"wp-block-uagb-advanced-heading uagb-block-2d417207\"><h6 class=\"uagb-heading-text\">Swahili Express<\/h6><\/div>\n\n\n\n<div class=\"wp-block-uagb-advanced-heading uagb-block-e2195279\"><p class=\"uagb-desc-text\">Jsme za\u010d\u00ednaj\u00edc\u00ed m\u00f3dn\u00ed zna\u010dka s\u00eddl\u00edc\u00ed mezi Tanzani\u00ed ve v\u00fdchodn\u00ed Africe a Prahou v&nbsp;\u010cesk\u00e9 republice. Z&nbsp;p\u0159ekr\u00e1sn\u00fdch africk\u00fdch l\u00e1tek vytv\u00e1\u0159\u00edme oble\u010den\u00ed na m\u00edru. Obohacujeme \u0161atn\u00edky na\u0161ich evropsk\u00fdch z\u00e1kazn\u00edk\u016f, p\u0159in\u00e1\u0161\u00edme do jejich \u017eivota jasn\u00e9 barvy a nejdivo\u010dej\u0161\u00ed vzory. Skv\u011bl\u00fdm krej\u010d\u00edm v&nbsp;Tanzanii nab\u00edz\u00edme solidn\u011b placenou pr\u00e1ci a p\u0159isp\u00edv\u00e1me tak k&nbsp;lep\u0161\u00edmu \u017eivotu jejich rodin. Odm\u00edt\u00e1me rychlou m\u00f3du se v\u0161emi jej\u00edmi zni\u010duj\u00edc\u00edmi dopady na \u017eivotn\u00ed prost\u0159ed\u00ed i komunity v&nbsp;mimoevropsk\u00fdch zem\u00edch. Na na\u0161e oble\u010den\u00ed si budete muset po\u010dkat, zato z\u00edsk\u00e1te unik\u00e1tn\u00ed kus, kter\u00fd neuvid\u00edte na nikom jin\u00e9m. Jeho po\u0159\u00edzen\u00edm darujete radost sob\u011b i lidem na druh\u00e9m konci sv\u011bta, kte\u0159\u00ed pro v\u00e1s oble\u010den\u00ed s&nbsp;l\u00e1skou vytv\u00e1\u0159ej\u00ed.<\/p><\/div>\n<\/div>\n<\/div><\/div>\n\n\n\n<div class=\"wp-block-uagb-container uagb-block-1d4e123a alignfull uagb-is-root-container\"><div class=\"uagb-container-inner-blocks-wrap\">\n<div class=\"wp-block-uagb-info-box uagb-block-53541540 uagb-infobox__content-wrap  uagb-infobox-icon-above-title uagb-infobox-image-valign-top\"><div class=\"uagb-ifb-content\"><div class=\"uagb-ifb-title-wrap\"><h2 class=\"uagb-ifb-title\">N\u00e1\u0161 p\u0159\u00edb\u011bh<\/h2><\/div><\/div><\/div>\n<\/div><\/div>\n\n\n\n<div class=\"wp-block-uagb-container uagb-block-a05e7214 alignfull uagb-is-root-container\"><div class=\"uagb-container-inner-blocks-wrap\">\n<div class=\"wp-block-uagb-container uagb-layout-grid uagb-block-add0bc62\">\n<div class=\"wp-block-uagb-advanced-heading uagb-block-3116f49c\"><h6 class=\"uagb-heading-text\">Martin Skalsk\u00fd, <br><strong>zakladatel.<\/strong><\/h6><\/div>\n\n\n\n<p><em>\u201eKdy\u017e jsem se v roce 2011 poprv\u00e9 ocitnul v subsaharsk\u00e9 Africe, jednou z&nbsp;v\u011bc\u00ed, kter\u00e9 m\u011b fascinovaly, byly barvy. Stejn\u011b jako se Afri\u010dan\u00e9 nestyd\u00ed projevovat sv\u00e9 emoce, nemaj\u00ed nejmen\u0161\u00ed z\u00e1brany obl\u00e9kat se do l\u00e1tek z\u00e1\u0159iv\u00fdch barev s&nbsp;t\u011bmi nejdivo\u010dej\u0161\u00edmi vzory. Spolu s&nbsp;n\u00e1ro\u010dn\u00fdmi zapl\u00e9tan\u00fdmi \u00fa\u010desy vytv\u00e1\u0159\u00ed barevn\u00e9 a pe\u010dliv\u011b udr\u017eovan\u00e9 oble\u010den\u00ed kr\u00e1su v&nbsp;ulic\u00edch africk\u00fdch m\u011bst i na venkovsk\u00fdch slavnostech. Nechat si vytvo\u0159it \u0161aty nebo ko\u0161ili u krej\u010d\u00edho je v&nbsp;Africe stejn\u011b b\u011b\u017en\u00e9, jako v&nbsp;Evrop\u011b nakupovat konfekci v&nbsp;prodejn\u00e1ch \u0159et\u011bzc\u016f rychl\u00e9 m\u00f3dy. S t\u00edm rozd\u00edlem, \u017ee v&nbsp;Africe se oble\u010den\u00ed se nakupuje s&nbsp;rozmyslem a pak se velmi dlouho nos\u00ed, ne\u017e se vyhod\u00ed. A \u017ee st\u011b\u017e\u00ed potk\u00e1te dva lidi, kte\u0159\u00ed by m\u011bli ko\u0161ili u\u0161itou ze stejn\u00e9 l\u00e1tky. Pokud \u0161aty d\u011blaj\u00ed \u010dlov\u011bka, jak se \u0159\u00edk\u00e1, pak barva t\u011bch \u0161at\u016f d\u011bl\u00e1 \u010dlov\u011bku n\u00e1ladu, a jsou-li barvy p\u0159im\u011b\u0159en\u011b bl\u00e1zniv\u00e9, nepochybn\u011b p\u0159in\u00e1\u0161ej\u00ed do \u017eivota sv\u016fj d\u00edl radosti.\u201c<\/em><\/p>\n<\/div>\n<\/div><\/div>\n\n\n\n<div class=\"wp-block-uagb-container uagb-block-dd938b3f alignfull uagb-is-root-container\"><div class=\"uagb-container-inner-blocks-wrap\">\n<div class=\"wp-block-uagb-info-box uagb-block-fb459d06 uagb-infobox__content-wrap  uagb-infobox-icon-above-title uagb-infobox-image-valign-top\"><div class=\"uagb-ifb-content\"><div class=\"uagb-ifb-title-wrap\"><h2 class=\"uagb-ifb-title\">Na\u0161e l\u00e1tky<\/h2><\/div><\/div><\/div>\n<\/div><\/div>\n\n\n\n<div class=\"wp-block-uagb-container uagb-block-472dc507 alignfull uagb-is-root-container\"><div class=\"uagb-container-inner-blocks-wrap\">\n<div class=\"wp-block-uagb-container uagb-layout-grid uagb-block-b910b8db\">\n<div class=\"wp-block-uagb-advanced-heading uagb-block-cb20a590\"><h6 class=\"uagb-heading-text\">Na\u0161e l\u00e1tky<\/h6><\/div>\n\n\n\n<p>Tr\u00e1v\u00edme dlouh\u00e9 hodiny v\u00a0klikat\u00fdch uli\u010dk\u00e1ch tr\u017ei\u0161\u0165 ve m\u011bstech Dar es Salaam a Tanga na pob\u0159e\u017e\u00ed v\u00fdchodn\u00ed Afriky a hled\u00e1me ty nejkr\u00e1sn\u011bj\u0161\u00ed a nejodv\u00e1\u017en\u011bj\u0161\u00ed l\u00e1tky, abychom z\u00a0nich pro v\u00e1s tvo\u0159ili oble\u010den\u00ed. \u0160ijeme z\u00a0kitenge, bavlny poti\u0161t\u011bn\u00e9 africk\u00fdmi vzory, nebo z\u00a0ru\u010dn\u011b batikov\u00fdch bavln\u011bn\u00fdch l\u00e1tek. Designy se vyr\u00e1b\u011bj\u00ed v\u00a0nevelk\u00e9m po\u010dtu kus\u016f a na tr\u017ei\u0161t\u00edch se rychle st\u0159\u00eddaj\u00ed. V\u0161echny od\u011bvy tak tvo\u0159\u00edme v\u00a0limitovan\u00fdch edic\u00edch \u2013 existuje pouze n\u011bkolik kus\u016f oble\u010den\u00ed se stejn\u00fdm vzorem. <br><br>P\u0159esto\u017ee v\u0161echny l\u00e1tky nakupujeme v\u00a0Tanzanii, jedn\u00e1 se o sm\u011bs m\u00edstn\u011b vyr\u00e1b\u011bn\u00fdch l\u00e1tek i materi\u00e1l\u016f dov\u00e1\u017een\u00fdch z\u00a0jin\u00fdch \u010d\u00e1st\u00ed Afriky i sv\u011bta.<\/p>\n<\/div>\n<\/div><\/div>\n","protected":false},"excerpt":{"rendered":"<p>O n\u00e1s Swahili Express Jsme za\u010d\u00ednaj\u00edc\u00ed m\u00f3dn\u00ed zna\u010dka s\u00eddl\u00edc\u00ed mezi Tanzani\u00ed ve v\u00fdchodn\u00ed Africe a Prahou v&nbsp;\u010cesk\u00e9 republice. Z&nbsp;p\u0159ekr\u00e1sn\u00fdch africk\u00fdch l\u00e1tek vytv\u00e1\u0159\u00edme oble\u010den\u00ed na m\u00edru. Obohacujeme \u0161atn\u00edky na\u0161ich evropsk\u00fdch z\u00e1kazn\u00edk\u016f, p\u0159in\u00e1\u0161\u00edme do jejich \u017eivota jasn\u00e9 barvy a nejdivo\u010dej\u0161\u00ed vzory. Skv\u011bl\u00fdm krej\u010d\u00edm v&nbsp;Tanzanii nab\u00edz\u00edme solidn\u011b placenou pr\u00e1ci a p\u0159isp\u00edv\u00e1me tak k&nbsp;lep\u0161\u00edmu \u017eivotu jejich rodin. Odm\u00edt\u00e1me rychlou [&hellip;]<\/p>\n","protected":false},"author":1,"featured_media":0,"parent":0,"menu_order":3,"comment_status":"closed","ping_status":"closed","template":"","meta":{"_uag_custom_page_level_css":"","site-sidebar-layout":"no-sidebar","site-content-layout":"page-builder","ast-site-content-layout":"full-width-container","site-content-style":"unboxed","site-sidebar-style":"unboxed","ast-global-header-display":"","ast-banner-title-visibility":"","ast-main-header-display":"","ast-hfb-above-header-display":"","ast-hfb-below-header-display":"","ast-hfb-mobile-header-display":"","site-post-title":"disabled","ast-breadcrumbs-content":"","ast-featured-img":"disabled","footer-sml-layout":"","ast-disable-related-posts":"","theme-transparent-header-meta":"","adv-header-id-meta":"","stick-header-meta":"","header-above-stick-meta":"","header-main-stick-meta":"","header-below-stick-meta":"","astra-migrate-meta-layouts":"set","ast-page-background-enabled":"default","ast-page-background-meta":{"desktop":{"background-color":"var(--ast-global-color-4)","background-image":"","background-repeat":"repeat","background-position":"center center","background-size":"auto","background-attachment":"scroll","background-type":"","background-media":"","overlay-type":"","overlay-color":"","overlay-opacity":"","overlay-gradient":""},"tablet":{"background-color":"","background-image":"","background-repeat":"repeat","background-position":"center center","background-size":"auto","background-attachment":"scroll","background-type":"","background-media":"","overlay-type":"","overlay-color":"","overlay-opacity":"","overlay-gradient":""},"mobile":{"background-color":"","background-image":"","background-repeat":"repeat","background-position":"center center","background-size":"auto","background-attachment":"scroll","background-type":"","background-media":"","overlay-type":"","overlay-color":"","overlay-opacity":"","overlay-gradient":""}},"ast-content-background-meta":{"desktop":{"background-color":"var(--ast-global-color-5)","background-image":"","background-repeat":"repeat","background-position":"center center","background-size":"auto","background-attachment":"scroll","background-type":"","background-media":"","overlay-type":"","overlay-color":"","overlay-opacity":"","overlay-gradient":""},"tablet":{"background-color":"var(--ast-global-color-5)","background-image":"","background-repeat":"repeat","background-position":"center center","background-size":"auto","background-attachment":"scroll","background-type":"","background-media":"","overlay-type":"","overlay-color":"","overlay-opacity":"","overlay-gradient":""},"mobile":{"background-color":"var(--ast-global-color-5)","background-image":"","background-repeat":"repeat","background-position":"center center","background-size":"auto","background-attachment":"scroll","background-type":"","background-media":"","overlay-type":"","overlay-color":"","overlay-opacity":"","overlay-gradient":""}},"iawp_total_views":4,"footnotes":""},"class_list":["post-329","page","type-page","status-publish","hentry"],"uagb_featured_image_src":{"full":false,"thumbnail":false,"medium":false,"medium_large":false,"large":false,"1536x1536":false,"2048x2048":false,"woocommerce_thumbnail":false,"woocommerce_single":false,"woocommerce_gallery_thumbnail":false},"uagb_author_info":{"display_name":"missconk@gmail.com","author_link":"https:\/\/swahiliexpress.eu\/cs\/author\/missconkgmail-com\/"},"uagb_comment_info":0,"uagb_excerpt":"O n\u00e1s Swahili Express Jsme za\u010d\u00ednaj\u00edc\u00ed m\u00f3dn\u00ed zna\u010dka s\u00eddl\u00edc\u00ed mezi Tanzani\u00ed ve v\u00fdchodn\u00ed Africe a Prahou v&nbsp;\u010cesk\u00e9 republice. Z&nbsp;p\u0159ekr\u00e1sn\u00fdch africk\u00fdch l\u00e1tek vytv\u00e1\u0159\u00edme oble\u010den\u00ed na m\u00edru. Obohacujeme \u0161atn\u00edky na\u0161ich evropsk\u00fdch z\u00e1kazn\u00edk\u016f, p\u0159in\u00e1\u0161\u00edme do jejich \u017eivota jasn\u00e9 barvy a nejdivo\u010dej\u0161\u00ed vzory. Skv\u011bl\u00fdm krej\u010d\u00edm v&nbsp;Tanzanii nab\u00edz\u00edme solidn\u011b placenou pr\u00e1ci a p\u0159isp\u00edv\u00e1me tak k&nbsp;lep\u0161\u00edmu \u017eivotu jejich rodin. Odm\u00edt\u00e1me rychlou&hellip;","_links":{"self":[{"href":"https:\/\/swahiliexpress.eu\/cs\/wp-json\/wp\/v2\/pages\/329","targetHints":{"allow":["GET"]}}],"collection":[{"href":"https:\/\/swahiliexpress.eu\/cs\/wp-json\/wp\/v2\/pages"}],"about":[{"href":"https:\/\/swahiliexpress.eu\/cs\/wp-json\/wp\/v2\/types\/page"}],"author":[{"embeddable":true,"href":"https:\/\/swahiliexpress.eu\/cs\/wp-json\/wp\/v2\/users\/1"}],"replies":[{"embeddable":true,"href":"https:\/\/swahiliexpress.eu\/cs\/wp-json\/wp\/v2\/comments?post=329"}],"version-history":[{"count":1,"href":"https:\/\/swahiliexpress.eu\/cs\/wp-json\/wp\/v2\/pages\/329\/revisions"}],"predecessor-version":[{"id":2111,"href":"https:\/\/swahiliexpress.eu\/cs\/wp-json\/wp\/v2\/pages\/329\/revisions\/2111"}],"wp:attachment":[{"href":"https:\/\/swahiliexpress.eu\/cs\/wp-json\/wp\/v2\/media?parent=329"}],"curies":[{"name":"wp","href":"https:\/\/api.w.org\/{rel}","templated":true}]}}